{"id":312,"date":"2025-11-28T19:32:47","date_gmt":"2025-11-28T19:32:47","guid":{"rendered":"https:\/\/serveiscargal.com\/?page_id=312"},"modified":"2025-11-28T19:36:00","modified_gmt":"2025-11-28T19:36:00","slug":"declaracio-daccessibilitat","status":"publish","type":"page","link":"https:\/\/serveiscargal.com\/ca\/declaracion-de-accesibilidad\/","title":{"rendered":"Declaraci\u00f3 d&#039;accessibilitat"},"content":{"rendered":"<div data-elementor-type=\"wp-page\" data-elementor-id=\"312\" class=\"elementor elementor-312\" data-elementor-post-type=\"page\">\n\t\t\t\t<div class=\"elementor-element elementor-element-ca009b3 e-flex e-con-boxed e-con e-parent\" data-id=\"ca009b3\" data-element_type=\"container\" data-e-type=\"container\">\n\t\t\t\t\t<div class=\"e-con-inner\">\n\t\t\t\t<div class=\"elementor-element elementor-element-3f6df6f elementor-widget elementor-widget-heading\" data-id=\"3f6df6f\" data-element_type=\"widget\" data-e-type=\"widget\" data-widget_type=\"heading.default\">\n\t\t\t\t\t<h1 class=\"elementor-heading-title elementor-size-default\">Declaraci\u00f3 d&#039;accessibilitat<\/h1>\t\t\t\t<\/div>\n\t\t\t\t<div class=\"elementor-element elementor-element-4575ee4 elementor-widget elementor-widget-text-editor\" data-id=\"4575ee4\" data-element_type=\"widget\" data-e-type=\"widget\" data-widget_type=\"text-editor.default\">\n\t\t\t\t\t\t\t\t\t<p>Estem compromesos a fer accessible el nostre lloc web de conformitat amb el\u00a0<a href=\"https:\/\/www.boe.es\/buscar\/act.php?id=BOE-A-2018-12699\" target=\"_blank\" rel=\"noopener\">Reial Decret 1112\/2018, de 7 de setembre<\/a>, sobre accessibilitat dels llocs web i aplicacions per a dispositius m\u00f2bils del sector p\u00fablic (d&#039;ara endavant, Reial Decret 1112\/2018, de 7 de setembre).<\/p><p><b>Situaci\u00f3 de compliment<\/b><\/p><p>Aquest lloc web \u00e9s\u00a0<b>parcialment conforme<\/b>\u00a0amb el Reial decret 1112\/2018, de 7 de setembre, a causa de la manca de conformitat dels aspectes que s&#039;indiquen a continuaci\u00f3.<\/p><p><b>Contingut no accessible<\/b><\/p><p>El contingut que es recull a continuaci\u00f3 no \u00e9s accessible pel seg\u00fcent:<\/p><ol><li aria-level=\"1\"><b>C\u00e0rrega desproporcionada<\/b>: no aplica.<\/li><\/ol><p><b>Preparaci\u00f3 d&#039;aquesta declaraci\u00f3 d&#039;accessibilitat<\/b><\/p><p>Aquesta declaraci\u00f3 va ser preparada el 28 de novembre de 2025.<\/p><p>El m\u00e8tode emprat per preparar la declaraci\u00f3 ha estat una autoavaluaci\u00f3 duta a terme pel mateix organisme.<\/p><p><b>Observacions i dades de contacte<\/b><\/p><p>Podeu realitzar comunicacions sobre requisits d&#039;accessibilitat (article 10.2.a) del Reial Decret 1112\/2018, de 7 de setembre) com, per exemple:<\/p><ul><li aria-level=\"1\">Informar sobre qualsevol possible incompliment per part daquest lloc web.<\/li><li aria-level=\"1\">Transmetre altres dificultats dacc\u00e9s al contingut.<\/li><li aria-level=\"1\">Formular qualsevol altra consulta o suggeriment de millora relativa a laccessibilitat del lloc web.<\/li><\/ul><p>A trav\u00e9s de les vies seg\u00fcents:<\/p><ul><li aria-level=\"1\">Correu electr\u00f2nic:\u00a0<strong><a href=\"mailto:serveiscargalsl@serveiscargal.com\">serveiscargalsl@serveiscargal.com<\/a><\/strong><\/li><li aria-level=\"1\">Tel\u00e8fon: <a title=\"+34 722 79 04 10\" href=\"tel:+34722790410\"><strong>+34 722 79 04 10<\/strong><\/a><\/li><\/ul><p>Les comunicacions seran rebudes i tractades per l&#039;adre\u00e7a de l&#039;empresa com a unitat responsable dels continguts d&#039;aquest lloc web.<\/p><p><b>Contingut opcional<\/b><\/p><p>La versi\u00f3 actualment visible d&#039;aquest lloc web \u00e9s de novembre de 2025 i en aquesta data es va fer la revisi\u00f3 del nivell d&#039;accessibilitat vigent al moment<\/p><p>A partir de la data esmentada es duen a terme revisions parcials di\u00e0ries del contingut web nou o modificat, tant de les plantilles com de les p\u00e0gines i documents finals publicats, a fi d&#039;assegurar el compliment dels requeriments d&#039;accessibilitat de la Norma UNE-EN 301549:2019, considerant les excepcions del Reial decret 1112\/7 de setembre.<\/p><p>Entre altres, s&#039;adopten les mesures seg\u00fcents per facilitar l&#039;accessibilitat:<\/p><ul><li aria-level=\"1\">Utilitzaci\u00f3 de text alternatiu a les imatges<\/li><li aria-level=\"1\">Els enlla\u00e7os ofereixen detalls de la funci\u00f3 o destinaci\u00f3 de l&#039;hiperenlla\u00e7<\/li><li aria-level=\"1\">\u00das dels est\u00e0ndards del W3C: XHTML 1.0, CSS 3.0, WAI AA.<\/li><\/ul>\t\t\t\t\t\t\t\t<\/div>\n\t\t\t\t\t<\/div>\n\t\t\t\t<\/div>\n\t\t\t\t<\/div>","protected":false},"excerpt":{"rendered":"<p>Estamos comprometidos a hacer accesible nuestro sitio web de conformidad con el\u00a0Real Decreto 1112\/2018, de 7 de septiembre, sobre accesibilidad de los sitios web y aplicaciones para dispositivos m\u00f3viles del sector p\u00fablico (en adelante, Real Decreto 1112\/2018, de 7 de septiembre). Situaci\u00f3n de cumplimiento Este sitio web es\u00a0parcialmente conforme\u00a0con el Real Decreto 1112\/2018, de 7 [&hellip;]<\/p>\n","protected":false},"author":1,"featured_media":0,"parent":0,"menu_order":0,"comment_status":"closed","ping_status":"closed","template":"","meta":{"footnotes":""},"class_list":["post-312","page","type-page","status-publish","hentry"],"_links":{"self":[{"href":"https:\/\/serveiscargal.com\/ca\/wp-json\/wp\/v2\/pages\/312","targetHints":{"allow":["GET"]}}],"collection":[{"href":"https:\/\/serveiscargal.com\/ca\/wp-json\/wp\/v2\/pages"}],"about":[{"href":"https:\/\/serveiscargal.com\/ca\/wp-json\/wp\/v2\/types\/page"}],"author":[{"embeddable":true,"href":"https:\/\/serveiscargal.com\/ca\/wp-json\/wp\/v2\/users\/1"}],"replies":[{"embeddable":true,"href":"https:\/\/serveiscargal.com\/ca\/wp-json\/wp\/v2\/comments?post=312"}],"version-history":[{"count":4,"href":"https:\/\/serveiscargal.com\/ca\/wp-json\/wp\/v2\/pages\/312\/revisions"}],"predecessor-version":[{"id":316,"href":"https:\/\/serveiscargal.com\/ca\/wp-json\/wp\/v2\/pages\/312\/revisions\/316"}],"wp:attachment":[{"href":"https:\/\/serveiscargal.com\/ca\/wp-json\/wp\/v2\/media?parent=312"}],"curies":[{"name":"wp","href":"https:\/\/api.w.org\/{rel}","templated":true}]}}