{"id":307,"date":"2025-11-28T19:31:46","date_gmt":"2025-11-28T19:31:46","guid":{"rendered":"https:\/\/serveiscargal.com\/?page_id=307"},"modified":"2025-11-28T19:32:14","modified_gmt":"2025-11-28T19:32:14","slug":"politica-de-cookies","status":"publish","type":"page","link":"https:\/\/serveiscargal.com\/ca\/politica-de-cookies\/","title":{"rendered":"Pol\u00edtica de cookies"},"content":{"rendered":"<div data-elementor-type=\"wp-page\" data-elementor-id=\"307\" class=\"elementor elementor-307\" data-elementor-post-type=\"page\">\n\t\t\t\t<div class=\"elementor-element elementor-element-ca009b3 e-flex e-con-boxed e-con e-parent\" data-id=\"ca009b3\" data-element_type=\"container\" data-e-type=\"container\">\n\t\t\t\t\t<div class=\"e-con-inner\">\n\t\t\t\t<div class=\"elementor-element elementor-element-3f6df6f elementor-widget elementor-widget-heading\" data-id=\"3f6df6f\" data-element_type=\"widget\" data-e-type=\"widget\" data-widget_type=\"heading.default\">\n\t\t\t\t\t<h1 class=\"elementor-heading-title elementor-size-default\">Pol\u00edtica de cookies<\/h1>\t\t\t\t<\/div>\n\t\t\t\t<div class=\"elementor-element elementor-element-4575ee4 elementor-widget elementor-widget-text-editor\" data-id=\"4575ee4\" data-element_type=\"widget\" data-e-type=\"widget\" data-widget_type=\"text-editor.default\">\n\t\t\t\t\t\t\t\t\t<p><b>Qu\u00e8 s\u00f3n les galetes?<\/b><\/p><p>Les cookies s\u00f3n petits arxius de dades que es reben al terminal des del lloc web visitat i es fan servir per registrar certes interaccions de la navegaci\u00f3 en un lloc web emmagatzemant dades que podran ser actualitzades i recuperades. Aquests fitxers s&#039;emmagatzemen a l&#039;ordinador de l&#039;usuari i contenen dades an\u00f2nimes que no s\u00f3n perjudicials per al vostre equip. S&#039;utilitzen per recordar les prefer\u00e8ncies de l&#039;usuari, com ara l&#039;idioma seleccionat, les dades d&#039;acc\u00e9s o la personalitzaci\u00f3 de la p\u00e0gina.<\/p><p>Les galetes tamb\u00e9 poden ser utilitzades per registrar informaci\u00f3 an\u00f2nima sobre com utilitza el lloc el visitant. Per exemple, des de quina p\u00e0gina web heu accedit o si heu utilitzat un banner publicitari per arribar-hi.<\/p><p><b>Per qu\u00e8 aquesta web utilitza cookies?<\/b><\/p><p>AQUESTA WEB utilitza cookies estrictament necess\u00e0ries i essencials perqu\u00e8 utilitzeu els nostres llocs web i pugueu moure lliurement, utilitzar \u00e0rees segures, configurar opcions personalitzades, etc. A m\u00e9s, utilitza cookies que recullen dades relatives a l&#039;an\u00e0lisi d&#039;\u00fas de la web. S&#039;utilitzen per ajudar a millorar el servei per l&#039;usuari, mesurant l&#039;\u00fas i el rendiment de la p\u00e0gina per optimitzar-la i personalitzar-la.<\/p><p>Els nostres llocs tamb\u00e9 poden tenir enlla\u00e7os de xarxes socials (com Facebook o Twitter). AQUEST WEB no controla les cookies utilitzades per aquestes webs externes. Per a m\u00e9s informaci\u00f3 sobre les galetes de les xarxes socials o altres webs alienes, aconsellem que reviseu les vostres pr\u00f2pies pol\u00edtiques de galetes.<\/p><p><b>Quin \u00fas donem als diferents tipus de galetes?<\/b><\/p><p><b>Segons la finalitat:<\/b><\/p><p>Galetes t\u00e8cniques<\/p><p>Les cookies s\u00f3n t\u00e8cniques imprescindibles i estrictament necess\u00e0ries per al funcionament correcte d&#039;un portal web i la utilitzaci\u00f3 de les diferents opcions i serveis que ofereix.<\/p><p>Per exemple, les que serveixen per al manteniment de la sessi\u00f3, gesti\u00f3 del temps de resposta, rendiment o validaci\u00f3 d&#039;opcions, \u00fas d&#039;elements de seguretat, compartici\u00f3 de contingut amb xarxes socials, etc.<\/p><p>Cookies de personalitzaci\u00f3<\/p><p>Aquestes galetes permeten a l&#039;usuari especificar o personalitzar algunes caracter\u00edstiques de les opcions generals de la p\u00e0gina web. Per exemple, definiu l&#039;idioma, la configuraci\u00f3 regional o el tipus de navegador.<\/p><p>Galetes anal\u00edtiques<\/p><p>Les galetes anal\u00edtiques s\u00f3n les utilitzades pels nostres portals web per elaborar perfils de navegaci\u00f3 i poder con\u00e8ixer les prefer\u00e8ncies dels usuaris per tal de millorar l&#039;oferta de productes i serveis.<\/p><p>Per exemple, mitjan\u00e7ant una &#039;cookie&#039; anal\u00edtica es controlarien les \u00e0rees geogr\u00e0fiques de m\u00e9s inter\u00e8s d&#039;un usuari, quin \u00e9s el producte de m\u00e9s acceptaci\u00f3, etc.<\/p><p>Cookies publicit\u00e0ries \/ de publicitat<\/p><p>Les galetes publicit\u00e0ries permeten la gesti\u00f3 dels espais publicitaris d&#039;acord amb criteris concrets. Per exemple, la freq\u00fc\u00e8ncia dacc\u00e9s, contingut editat, etc.<\/p><p>Les galetes publicit\u00e0ries permeten, a trav\u00e9s de la gesti\u00f3 de la publicitat, emmagatzemar informaci\u00f3 del comportament a trav\u00e9s de l&#039;observaci\u00f3 d&#039;h\u00e0bits, estudiant els accessos i formant un perfil de prefer\u00e8ncies de l&#039;usuari, per oferir publicitat relacionada amb els interessos del seu perfil.<\/p><p><b>Segons termini:<\/b><\/p><p>Galetes de sessi\u00f3<\/p><p>Les galetes de sessi\u00f3 s\u00f3n aquelles que duren el temps que l&#039;usuari est\u00e0 navegant per la p\u00e0gina web i s&#039;esborren quan acaba de fer-ho.<\/p><p>Galetes persistents<\/p><p>Aquestes cookies queden emmagatzemades al terminal de l&#039;usuari durant un temps m\u00e9s llarg, facilitant aix\u00ed el control de les prefer\u00e8ncies triades sense haver de repetir certs par\u00e0metres cada cop que es visiti el lloc web.<\/p><p><b>I si no vull tenir aquestes galetes o no faig res?<\/b><\/p><p>Per complir amb la legislaci\u00f3 vigent, hem de demanar perm\u00eds per gestionar cookies. Si decidiu no autoritzar el tractament indicant-nos que no hi esteu d&#039;acord, nom\u00e9s utilitzar\u00edem les cookies t\u00e8cniques, ja que s\u00f3n imprescindibles per navegar per la nostra web. En aquest cas, no emmagatzemar\u00edem cap galeta. Si continua navegant pel nostre lloc web sense denegar la seva autoritzaci\u00f3, aix\u00f2 implica que n&#039;accepta l&#039;\u00fas.<\/p><p>Tingueu en compte que si rebutgeu o esborreu les cookies de navegaci\u00f3 per la web, no podrem mantenir les vostres prefer\u00e8ncies, algunes caracter\u00edstiques de les p\u00e0gines no estaran operatives, no podrem oferir-vos serveis personalitzats i cada vegada que navegueu per la nostra web haurem de sol. tornar a licitar la vostra autoritzaci\u00f3 per a l&#039;\u00fas de cookies.<\/p><p>Si, tanmateix, decidiu modificar la configuraci\u00f3 del vostre acc\u00e9s a la p\u00e0gina web, heu de saber que \u00e9s possible eliminar les cookies o impedir que es registri aquesta informaci\u00f3 al vostre equip en qualsevol moment mitjan\u00e7ant la modificaci\u00f3 dels par\u00e0metres de configuraci\u00f3 del vostre navegador:<\/p><ul><li aria-level=\"1\"><a href=\"https:\/\/windows.microsoft.com\/es-es\/windows-vista\/block-or-allow-cookies\" target=\"_blank\" rel=\"noopener\">Configuraci\u00f3 de\u00a0<i>cookies<\/i>\u00a0d&#039;Internet Explorer<\/a><\/li><li aria-level=\"1\"><a href=\"https:\/\/support.mozilla.org\/ca\/kb\/enable-and-disable-cookies-website-preferences\" target=\"_blank\" rel=\"noopener\">Configuraci\u00f3 de\u00a0<i>cookies<\/i>\u00a0del Firefox<\/a><\/li><li aria-level=\"1\"><a href=\"https:\/\/support.google.com\/chrome\/answer\/95647?hl=ca\" target=\"_blank\" rel=\"noopener\">Configuraci\u00f3 de\u00a0<i>cookies<\/i>\u00a0de Google Chrome<\/a><\/li><li aria-level=\"1\"><a href=\"https:\/\/support.apple.com\/kb\/HT1677?viewlocale=es_ES&amp;locale=es_ES\" target=\"_blank\" rel=\"noopener\">Configuraci\u00f3 de\u00a0<i>cookies<\/i>\u00a0de Safari<\/a><\/li><\/ul><p>Aquests navegadors estan sotmesos a actualitzacions o modificacions, per la qual cosa no podem garantir que s&#039;ajustin completament a la versi\u00f3 del vostre navegador. Tamb\u00e9 podeu utilitzar un altre navegador no contemplat en aquests enlla\u00e7os com Konqueror, Arora, Flock, etc.<\/p><p>Per evitar aquests desajustaments, podeu accedir directament des de les opcions del vostre navegador que es troba generalment al men\u00fa d&#039;Opcions, a la secci\u00f3 de \u201cPrivadesa\u201d. (Si us plau, consulteu l&#039;ajuda del vostre navegador per a m\u00e9s informaci\u00f3.)<\/p><p><b>Les dades recollides a les cookies s&#039;utilitzen en webs que no s\u00f3n d&#039;AQUESTA WEB?<\/b><\/p><p>Alguna de les nostres cookies s&#039;utilitza per generar publicitat a xarxes de tercers o per realitzar anal\u00edtiques per a les que utilitzem eines externes a AQUESTA WEB. Les galetes utilitzades s\u00f3n per a \u00fas exclusiu del banc i el seu grup d&#039;empreses, que en cap cas les comercialitza.<\/p><p>A aquesta WEB treballem amb prove\u00efdors de confian\u00e7a que ens ajuden en la gesti\u00f3 i personalitzaci\u00f3 de les nostres p\u00e0gines web.<\/p><p><b>Aleshores, qu\u00e8 significa la informaci\u00f3 anterior?<\/b><\/p><p>Si accepteu les nostres galetes, ens permet la millora de les webs d&#039;AQUESTA WEB per oferir-vos un acc\u00e9s \u00f2ptim i donar-vos un servei m\u00e9s efica\u00e7 i personalitzat.<\/p><p>A m\u00e9s, podeu configurar el vostre navegador per establir que nom\u00e9s els llocs web de confian\u00e7a o les p\u00e0gines per les quals esteu navegant en aquell moment puguin gestionar cookies, el que us permet seleccionar les vostres prefer\u00e8ncies.<\/p><p>Amb aquesta pol\u00edtica, AQUESTA WEB demostra el comprom\u00eds adquirit amb la legislaci\u00f3 vigent sobre l&#039;\u00fas de cookies, donant-li informaci\u00f3 perqu\u00e8 vost\u00e8 pugui comprendre quin tipus de cookies utilitzarem i per qu\u00e8 ho fem. Amb aix\u00f2 pretenem proporcionar transpar\u00e8ncia en relaci\u00f3 amb les dades tractades durant la navegaci\u00f3 feta des del seu equip a la nostra web.<\/p><p>Aquesta pol\u00edtica es revisa peri\u00f2dicament per assegurar-ne la vig\u00e8ncia, per la qual cosa es pot modificar. Us recomanem que visiteu la p\u00e0gina amb regularitat, on us informarem de qualsevol actualitzaci\u00f3.<\/p><p><b>On puc obtenir m\u00e9s informaci\u00f3?<\/b><\/p><p>Si necessiteu obtenir m\u00e9s informaci\u00f3 sobre la directiva de cookies, si us plau, consulteu el Butllet\u00ed Oficial de l&#039;Estat publicat el passat 31 de mar\u00e7 de 2012 (per a Espanya), en qu\u00e8 es transposen les directives en mat\u00e8ria de comunicacions electr\u00f2niques. Tamb\u00e9 es pot consultar la directiva a<a href=\"https:\/\/ico.org.uk\/\" target=\"_blank\" rel=\"noopener\">\u00a0Information Commissioner Office<\/a>\u00a0(en angl\u00e8s).<\/p><p>Addicionalment, podeu accedir a uns v\u00eddeos did\u00e0ctics publicats per l&#039;Ag\u00e8ncia Espanyola de Protecci\u00f3 de Dades on s&#039;explica, pas a pas, com configurar les opcions de privadesa dels navegadors, les xarxes socials i els sistemes operatius m\u00f2bils m\u00e9s comuns, a<a href=\"https:\/\/www.youtube.com\/user\/desdelaAEPD\" target=\"_blank\" rel=\"noopener\">\u00a0V\u00eddeos AEPD<\/a>.<\/p>\t\t\t\t\t\t\t\t<\/div>\n\t\t\t\t\t<\/div>\n\t\t\t\t<\/div>\n\t\t\t\t<\/div>","protected":false},"excerpt":{"rendered":"<p>\u00bfQu\u00e9 son las cookies? Las cookies son peque\u00f1os archivos de datos que se reciben en el terminal desde el sitio web visitado y se usan para registrar ciertas interacciones de la navegaci\u00f3n en un sitio web almacenando datos que podr\u00e1n ser actualizados y recuperados. Estos archivos se almacenan en el ordenador del usuario y contienen [&hellip;]<\/p>\n","protected":false},"author":1,"featured_media":0,"parent":0,"menu_order":0,"comment_status":"closed","ping_status":"closed","template":"","meta":{"footnotes":""},"class_list":["post-307","page","type-page","status-publish","hentry"],"_links":{"self":[{"href":"https:\/\/serveiscargal.com\/ca\/wp-json\/wp\/v2\/pages\/307","targetHints":{"allow":["GET"]}}],"collection":[{"href":"https:\/\/serveiscargal.com\/ca\/wp-json\/wp\/v2\/pages"}],"about":[{"href":"https:\/\/serveiscargal.com\/ca\/wp-json\/wp\/v2\/types\/page"}],"author":[{"embeddable":true,"href":"https:\/\/serveiscargal.com\/ca\/wp-json\/wp\/v2\/users\/1"}],"replies":[{"embeddable":true,"href":"https:\/\/serveiscargal.com\/ca\/wp-json\/wp\/v2\/comments?post=307"}],"version-history":[{"count":4,"href":"https:\/\/serveiscargal.com\/ca\/wp-json\/wp\/v2\/pages\/307\/revisions"}],"predecessor-version":[{"id":311,"href":"https:\/\/serveiscargal.com\/ca\/wp-json\/wp\/v2\/pages\/307\/revisions\/311"}],"wp:attachment":[{"href":"https:\/\/serveiscargal.com\/ca\/wp-json\/wp\/v2\/media?parent=307"}],"curies":[{"name":"wp","href":"https:\/\/api.w.org\/{rel}","templated":true}]}}